{"id":7,"date":"2023-10-09T05:29:10","date_gmt":"2023-10-09T03:29:10","guid":{"rendered":"https:\/\/seleccion.kokycoco.com.co\/?page_id=7"},"modified":"2023-12-04T14:44:34","modified_gmt":"2023-12-04T13:44:34","slug":"seleccion-de-ciudad","status":"publish","type":"page","link":"https:\/\/seleccion.kokycoco.com.co\/index.php\/seleccion-de-ciudad\/","title":{"rendered":"SELECCI\u00d3N DE CIUDAD"},"content":{"rendered":"\n\n\t\t\t\t<img decoding=\"async\" loading=\"lazy\" src=\"https:\/\/seleccion.kokycoco.com.co\/wp-content\/uploads\/2023\/11\/Recurso-1@4x62.png\" alt=\"Recurso 1@4x62\" itemprop=\"image\" height=\"1225\" width=\"1225\" title=\"Recurso 1@4x62\" onerror=\"this.style.display='none'\"  \/>\n<h2>\n\t\tSelecci\u00f3n tienda\n\t<\/h2>\n<h2>\n\t\tProductos Refrigerados\n\t<\/h2>\n\t\t\t<a href=\"https:\/\/kokycoco.com.co\/index.php\/shop\/\" target=\"_self\" role=\"button\" rel=\"noopener\">\n\t\t\t\t\t\t\tBogot\u00e1 y Sabana Bogot\u00e1\n\t\t\t\t\t<\/a>\n<h2>\n\t\tProductos No Refrigerados\n\t<\/h2>\n\t\t\t<a href=\"https:\/\/restodelpais.kokycoco.com.co\/\" target=\"_self\" role=\"button\" rel=\"noopener\">\n\t\t\t\t\t\t\tNivel Nacional\n\t\t\t\t\t<\/a>\n<h2>\n\t\tCompras Al Mayor\n\t<\/h2>\n\t\t\t<a href=\"https:\/\/kokycoco.com.co\/index.php\/agenda-de-cita\/\" target=\"_self\" role=\"button\" rel=\"noopener\">\n\t\t\t\t\t\t\tCompras al por mayor\n\t\t\t\t\t<\/a>\n\n","protected":false},"excerpt":{"rendered":"<p>Selecci\u00f3n tienda Productos Refrigerados Bogot\u00e1 y Sabana Bogot\u00e1 Productos No Refrigerados Nivel Nacional Compras Al Mayor Compras al por mayor<\/p>\n","protected":false},"author":1,"featured_media":0,"parent":0,"menu_order":0,"comment_status":"closed","ping_status":"closed","template":"","meta":{"site-sidebar-layout":"default","site-content-layout":"","ast-site-content-layout":"full-width-container","site-content-style":"default","site-sidebar-style":"default","ast-global-header-display":"disabled","ast-banner-title-visibility":"","ast-main-header-display":"","ast-hfb-above-header-display":"","ast-hfb-below-header-display":"","ast-hfb-mobile-header-display":"","site-post-title":"disabled","ast-breadcrumbs-content":"","ast-featured-img":"","footer-sml-layout":"disabled","theme-transparent-header-meta":"","adv-header-id-meta":"","stick-header-meta":"","header-above-stick-meta":"","header-main-stick-meta":"","header-below-stick-meta":"","astra-migrate-meta-layouts":"","footnotes":""},"_links":{"self":[{"href":"https:\/\/seleccion.kokycoco.com.co\/index.php\/wp-json\/wp\/v2\/pages\/7"}],"collection":[{"href":"https:\/\/seleccion.kokycoco.com.co\/index.php\/wp-json\/wp\/v2\/pages"}],"about":[{"href":"https:\/\/seleccion.kokycoco.com.co\/index.php\/wp-json\/wp\/v2\/types\/page"}],"author":[{"embeddable":true,"href":"https:\/\/seleccion.kokycoco.com.co\/index.php\/wp-json\/wp\/v2\/users\/1"}],"replies":[{"embeddable":true,"href":"https:\/\/seleccion.kokycoco.com.co\/index.php\/wp-json\/wp\/v2\/comments?post=7"}],"version-history":[{"count":12,"href":"https:\/\/seleccion.kokycoco.com.co\/index.php\/wp-json\/wp\/v2\/pages\/7\/revisions"}],"predecessor-version":[{"id":29,"href":"https:\/\/seleccion.kokycoco.com.co\/index.php\/wp-json\/wp\/v2\/pages\/7\/revisions\/29"}],"wp:attachment":[{"href":"https:\/\/seleccion.kokycoco.com.co\/index.php\/wp-json\/wp\/v2\/media?parent=7"}],"curies":[{"name":"wp","href":"https:\/\/api.w.org\/{rel}","templated":true}]}}